{"id":2227,"date":"2022-01-31T07:56:19","date_gmt":"2022-01-31T06:56:19","guid":{"rendered":"https:\/\/www.miquelmartir.com\/personalizar-cookies\/"},"modified":"2022-02-15T17:15:49","modified_gmt":"2022-02-15T16:15:49","slug":"personalizar-cookies","status":"publish","type":"page","link":"https:\/\/www.miquelmartir.com\/es\/personalizar-cookies\/","title":{"rendered":"Personalizar Cookies"},"content":{"rendered":"\n\n<div>\n      <div id=\"custom-cookies-eu-label\">\n\n        Aquest lloc web utilitza cookies per el seu correcte funcionament. Al fer clic a Acceptar, acceptes el seu \u00fas. <a href=\"\/personalitzar-cookies\">M\u00e9s informaci\u00f3<\/a>.\n          &nbsp;&nbsp;\n          <a target=\"_blank\" id=\"cookies-eu-more\" rel=\"nofollow\" href=\"https:\/\/www.miquelmartir.com\/politica-de-cookies\">Configurar i m\u00e9s informaci\u00f3<\/a>\n      <\/div>\n\n      <div id=\"custom-cookies-eu-buttons\" class=\"cookies-eu-buttons\">\n        <button id=\"custom-cookies-eu-reject\" class=\"cookies-eu-reject\">Rebutjar<\/button>\n        <button id=\"custom-cookies-eu-accept\" class=\"cookies-eu-accept\">ACEPTAR TODAS LAS COOKIES<\/button><\/div>\n      <\/div>\n\n<br\/>\n<p>\n\tPuedes cambiar tus preferencias de cookies en cualquier momento si vuelves a la p\u00e1gina de Personalizar cookies, a la que puedes acceder a trav\u00e9s del Aviso de cookies. Para obtener m\u00e1s informaci\u00f3n sobre las cookies y c\u00f3mo las usamos, consulta la p\u00e1gina de <a href=\"https:\/\/www.miquelmartir.com\/politica-de-cookies\">Pol\u00edtica de Cookies<\/a>.\n<\/p>\n\n<h3>Cookies t\u00e9cnicas<\/h3>\n<p>\n\tSon aquellas que permiten a los usuarios registrados navegar a trav\u00e9s del sitio Web, del \u00e1rea restringida y a utilizar sus diferentes funciones, como por ejemplo, el sistema de comentarios o el buscador y no pueden ser desactivadas.\n<\/p>\n\n<div class=\"custom-cookies-option\">\n  <h3>Cookies de an\u00e1lisis o medici\u00f3n<\/h3>\n  <span>\n    <input type=\"radio\" name=\"cookies-analytics-option\" value=\"true\" class=\"custom-cookies-radio\" data-consent=\"ANLTCS\" id=\"custom-cookies-accept-analytics\" >\n    <label for=\"custom-cookies-accept-analytics\">Activar<\/label>\n    &nbsp;&nbsp;\n    <input type=\"radio\" name=\"cookies-analytics-option\" value=\"false\" class=\"custom-cookies-radio\" data-consent=\"ANLTCS\" id=\"custom-cookies-reject-analytics\" \n    checked>\n    <label for=\"custom-cookies-reject-analytics\">Desactivar<\/label>\n<\/span>\n<\/div>\n\n<p>\n\tSon aquellas que, bien tratadas por el sitio Web o por terceros, permiten cuantificar el n\u00famero de usuarios y as\u00ed realizar la medici\u00f3n y an\u00e1lisis estad\u00edstico de la utilizaci\u00f3n que hacen los usuarios del sitio Web. Para ello se analiza la navegaci\u00f3n que realizas en este sitio Web con el fin de mejorarlo.\n<\/p>\n\n","protected":false},"excerpt":{"rendered":"<p>Aquest lloc web utilitza cookies per el seu correcte funcionament. Al fer clic a Acceptar, acceptes el seu \u00fas. M\u00e9s informaci\u00f3. &nbsp;&nbsp; Configurar i m\u00e9s informaci\u00f3 Rebutjar ACEPTAR TODAS LAS COOKIES Puedes cambiar tus preferencias de cookies en cualquier momento si vuelves a la p\u00e1gina de Personalizar cookies, a la que puedes acceder a trav\u00e9s [&hellip;]<\/p>\n","protected":false},"author":1,"featured_media":0,"parent":0,"menu_order":0,"comment_status":"closed","ping_status":"closed","template":"","meta":[],"_links":{"self":[{"href":"https:\/\/www.miquelmartir.com\/es\/wp-json\/wp\/v2\/pages\/2227"}],"collection":[{"href":"https:\/\/www.miquelmartir.com\/es\/wp-json\/wp\/v2\/pages"}],"about":[{"href":"https:\/\/www.miquelmartir.com\/es\/wp-json\/wp\/v2\/types\/page"}],"author":[{"embeddable":true,"href":"https:\/\/www.miquelmartir.com\/es\/wp-json\/wp\/v2\/users\/1"}],"replies":[{"embeddable":true,"href":"https:\/\/www.miquelmartir.com\/es\/wp-json\/wp\/v2\/comments?post=2227"}],"version-history":[{"count":1,"href":"https:\/\/www.miquelmartir.com\/es\/wp-json\/wp\/v2\/pages\/2227\/revisions"}],"predecessor-version":[{"id":2231,"href":"https:\/\/www.miquelmartir.com\/es\/wp-json\/wp\/v2\/pages\/2227\/revisions\/2231"}],"wp:attachment":[{"href":"https:\/\/www.miquelmartir.com\/es\/wp-json\/wp\/v2\/media?parent=2227"}],"curies":[{"name":"wp","href":"https:\/\/api.w.org\/{rel}","templated":true}]}}